{"id":39,"date":"2026-03-03T10:25:19","date_gmt":"2026-03-03T09:25:19","guid":{"rendered":"https:\/\/site21.monsitecommeunpro.fr\/?page_id=39"},"modified":"2026-03-10T08:51:56","modified_gmt":"2026-03-10T07:51:56","slug":"contact","status":"publish","type":"page","link":"https:\/\/site21.monsitecommeunpro.fr\/?page_id=39","title":{"rendered":"Contact"},"content":{"rendered":"\n<h2 class=\"wp-block-heading\">Restons en contact<\/h2>\n\n\n\n<p>Vous avez une question, une remarque ou une suggestion concernant le contenu publi\u00e9 sur notre site ? Vous souhaitez proposer une collaboration ou signaler une information importante ? Notre \u00e9quipe est \u00e0 votre \u00e9coute.<\/p>\n\n\n\n<p>Nous accordons une grande importance aux \u00e9changes avec nos lecteurs. Vos retours nous permettent d\u2019am\u00e9liorer la qualit\u00e9 de nos analyses et de proposer un contenu toujours plus pertinent et rigoureux.<\/p>\n\n\n\n<hr class=\"wp-block-separator has-alpha-channel-opacity\"\/>\n\n\n\n<h2 class=\"wp-block-heading\">\ud83d\udcec Nous \u00e9crire<\/h2>\n\n\n\n<p>Pour toute demande d\u2019information ou suggestion, vous pouvez nous contacter via les coordonn\u00e9es suivantes :<\/p>\n\n\n\n<p><strong>Email :<\/strong> <a>contact@actualite-iran.com<\/a><br><strong>T\u00e9l\u00e9phone :<\/strong> +33 6 00 00 00 00<br><strong>Adresse :<\/strong> 10 AV de l&rsquo;Op\u00e9ra, 75001 Paris, France<\/p>\n\n\n\t\t\t<div \n\t\t\tclass=\"wp-block-uagb-google-map uagb-google-map__wrap uagb-block-6d23fd74     \"\n\t\t\tstyle=\"\" >\n\t\t\t\t<embed\n\t\t\t\t\tclass=\"uagb-google-map__iframe\"\n\t\t\t\t\ttitle=\"Carte Google pour \"\n\t\t\t\t\tsrc=\"https:\/\/maps.google.com\/maps?q=10%20rue%20de%20l%27op%C3%A9ra%20paris&#038;z=14&#038;hl=en&#038;t=m&#038;output=embed&#038;iwloc=near\"\n\t\t\t\t\twidth=\"640\"\n\t\t\t\t\theight=\"300\"\n\t\t\t\t\tloading=\"lazy\"\n\t\t\t\t><\/embed>\n\t\t\t<\/div>\n\t\t\t\n\n\n<h2 class=\"wp-block-heading\">\ud83d\udcdd Formulaire de contact<\/h2>\n\n\n\n<div class=\"wp-block-uagb-forms uagb-forms__outer-wrap uagb-block-4579e7cd uagb-forms__medium-btn\"><form class=\"uagb-forms-main-form\" method=\"post\" autocomplete=\"on\" name=\"uagb-form-4579e7cd\">\n<div class=\"wp-block-uagb-forms-name uagb-forms-name-wrap uagb-forms-field-set uagb-block-a025dff5\"><div class=\"uagb-forms-name-label required uagb-forms-input-label\" id=\"a025dff5\">Nom<\/div><input type=\"text\" placeholder=\"Gilles\" required class=\"uagb-forms-name-input uagb-forms-input\" name=\"a025dff5\" autocomplete=\"given-name\"\/><\/div>\n\n\n\n<div class=\"wp-block-uagb-forms-name uagb-forms-name-wrap uagb-forms-field-set uagb-block-5cb0681d\"><div class=\"uagb-forms-name-label required uagb-forms-input-label\" id=\"5cb0681d\">Pr\u00e9nom<\/div><input type=\"text\" placeholder=\"Lalouche\" required class=\"uagb-forms-name-input uagb-forms-input\" name=\"5cb0681d\" autocomplete=\"family-name\"\/><\/div>\n\n\n\n<div class=\"wp-block-uagb-forms-email uagb-forms-email-wrap uagb-forms-field-set uagb-block-e0babc5d\"><div class=\"uagb-forms-email-label  uagb-forms-input-label\" id=\"e0babc5d\">Email<\/div><input type=\"email\" class=\"uagb-forms-email-input uagb-forms-input\" placeholder=\"exemple@mail.com\" name=\"e0babc5d\" autocomplete=\"email\"\/><\/div>\n\n\n\n<div class=\"wp-block-uagb-forms-textarea uagb-forms-textarea-wrap uagb-forms-field-set uagb-block-fe8f3bee\"><div class=\"uagb-forms-textarea-label required uagb-forms-input-label\" id=\"fe8f3bee\">Votre Demande <\/div><textarea required class=\"uagb-forms-textarea-input uagb-forms-input\" rows=\"4\" placeholder=\"Entr\u00e9e votre message \" name=\"fe8f3bee\" autocomplete=\"off\"><\/textarea><\/div>\n<div class=\"uagb-forms-form-hidden-data\"><input type=\"hidden\" class=\"uagb_forms_form_label\" value=\"Spectra Form\"\/><input type=\"hidden\" class=\"uagb_forms_form_id\" value=\"uagb-form-4579e7cd\"\/><\/div><div class=\"uagb-form-reacaptcha-error-4579e7cd\"><\/div><div class=\"uagb-forms-main-submit-button-wrap wp-block-button\"><button class=\"uagb-forms-main-submit-button wp-block-button__link\"><div class=\"uagb-forms-main-submit-button-text\">Soumettre<\/div><\/button><\/div><\/form><div class=\"uagb-forms-success-message-4579e7cd uagb-forms-submit-message-hide\"><span>The form has been submitted successfully!<\/span><\/div><div class=\"uagb-forms-failed-message-4579e7cd uagb-forms-submit-message-hide\"><span>There has been some error while submitting the form. Please verify all form fields again.<\/span><\/div><\/div>\n\n\n\n<p>Nous nous engageons \u00e0 r\u00e9pondre dans les meilleurs d\u00e9lais.<\/p>\n\n\n\n<hr class=\"wp-block-separator has-alpha-channel-opacity\"\/>\n\n\n\n<h2 class=\"wp-block-heading\">\ud83d\udd0e Transparence et confidentialit\u00e9<\/h2>\n\n\n\n<p>Les informations que vous nous transmettez sont utilis\u00e9es uniquement pour r\u00e9pondre \u00e0 votre demande. Nous respectons la confidentialit\u00e9 des donn\u00e9es et ne partageons aucune information personnelle avec des tiers.<\/p>\n\n\n\n<hr class=\"wp-block-separator has-alpha-channel-opacity\"\/>\n\n\n\n<p>Merci pour votre int\u00e9r\u00eat et votre confiance.<br>Votre engagement contribue \u00e0 enrichir le d\u00e9bat et \u00e0 am\u00e9liorer la compr\u00e9hension des enjeux li\u00e9s au conflit en Iran.<\/p>\n\n\n\n<p><\/p>\n","protected":false},"excerpt":{"rendered":"<p>Restons en contact Vous avez une question, une remarque ou une suggestion concernant le contenu publi\u00e9 sur notre site ? [&hellip;]<\/p>\n","protected":false},"author":1,"featured_media":0,"parent":0,"menu_order":0,"comment_status":"closed","ping_status":"closed","template":"","meta":{"_uag_custom_page_level_css":"","site-sidebar-layout":"default","site-content-layout":"","ast-site-content-layout":"default","site-content-style":"default","site-sidebar-style":"default","ast-global-header-display":"","ast-banner-title-visibility":"","ast-main-header-display":"","ast-hfb-above-header-display":"","ast-hfb-below-header-display":"","ast-hfb-mobile-header-display":"","site-post-title":"","ast-breadcrumbs-content":"","ast-featured-img":"","footer-sml-layout":"","ast-disable-related-posts":"","theme-transparent-header-meta":"","adv-header-id-meta":"","stick-header-meta":"","header-above-stick-meta":"","header-main-stick-meta":"","header-below-stick-meta":"","astra-migrate-meta-layouts":"default","ast-page-background-enabled":"default","ast-page-background-meta":{"desktop":{"background-color":"var(--ast-global-color-5)","background-image":"","background-repeat":"repeat","background-position":"center center","background-size":"auto","background-attachment":"scroll","background-type":"","background-media":"","overlay-type":"","overlay-color":"","overlay-opacity":"","overlay-gradient":""},"tablet":{"background-color":"","background-image":"","background-repeat":"repeat","background-position":"center center","background-size":"auto","background-attachment":"scroll","background-type":"","background-media":"","overlay-type":"","overlay-color":"","overlay-opacity":"","overlay-gradient":""},"mobile":{"background-color":"","background-image":"","background-repeat":"repeat","background-position":"center center","background-size":"auto","background-attachment":"scroll","background-type":"","background-media":"","overlay-type":"","overlay-color":"","overlay-opacity":"","overlay-gradient":""}},"ast-content-background-meta":{"desktop":{"background-color":"var(--ast-global-color-4)","background-image":"","background-repeat":"repeat","background-position":"center center","background-size":"auto","background-attachment":"scroll","background-type":"","background-media":"","overlay-type":"","overlay-color":"","overlay-opacity":"","overlay-gradient":""},"tablet":{"background-color":"var(--ast-global-color-4)","background-image":"","background-repeat":"repeat","background-position":"center center","background-size":"auto","background-attachment":"scroll","background-type":"","background-media":"","overlay-type":"","overlay-color":"","overlay-opacity":"","overlay-gradient":""},"mobile":{"background-color":"var(--ast-global-color-4)","background-image":"","background-repeat":"repeat","background-position":"center center","background-size":"auto","background-attachment":"scroll","background-type":"","background-media":"","overlay-type":"","overlay-color":"","overlay-opacity":"","overlay-gradient":""}},"footnotes":""},"class_list":["post-39","page","type-page","status-publish","hentry"],"yoast_head":"<!-- This site is optimized with the Yoast SEO plugin v27.0 - https:\/\/yoast.com\/product\/yoast-seo-wordpress\/ -->\n<title>Contact - Guerre en Iran<\/title>\n<meta name=\"robots\" content=\"index, follow, max-snippet:-1, max-image-preview:large, max-video-preview:-1\" \/>\n<link rel=\"canonical\" href=\"https:\/\/site21.monsitecommeunpro.fr\/?page_id=39\" \/>\n<meta property=\"og:locale\" content=\"fr_FR\" \/>\n<meta property=\"og:type\" content=\"article\" \/>\n<meta property=\"og:title\" content=\"Contact - Guerre en Iran\" \/>\n<meta property=\"og:description\" content=\"Restons en contact Vous avez une question, une remarque ou une suggestion concernant le contenu publi\u00e9 sur notre site ? [&hellip;]\" \/>\n<meta property=\"og:url\" content=\"https:\/\/site21.monsitecommeunpro.fr\/?page_id=39\" \/>\n<meta property=\"og:site_name\" content=\"Guerre en Iran\" \/>\n<meta property=\"article:modified_time\" content=\"2026-03-10T07:51:56+00:00\" \/>\n<meta name=\"twitter:card\" content=\"summary_large_image\" \/>\n<meta name=\"twitter:label1\" content=\"Dur\u00e9e de lecture estim\u00e9e\" \/>\n\t<meta name=\"twitter:data1\" content=\"1 minute\" \/>\n<script type=\"application\/ld+json\" class=\"yoast-schema-graph\">{\"@context\":\"https:\/\/schema.org\",\"@graph\":[{\"@type\":\"WebPage\",\"@id\":\"https:\/\/site21.monsitecommeunpro.fr\/?page_id=39\",\"url\":\"https:\/\/site21.monsitecommeunpro.fr\/?page_id=39\",\"name\":\"Contact - Guerre en Iran\",\"isPartOf\":{\"@id\":\"https:\/\/site21.monsitecommeunpro.fr\/#website\"},\"datePublished\":\"2026-03-03T09:25:19+00:00\",\"dateModified\":\"2026-03-10T07:51:56+00:00\",\"breadcrumb\":{\"@id\":\"https:\/\/site21.monsitecommeunpro.fr\/?page_id=39#breadcrumb\"},\"inLanguage\":\"fr-FR\",\"potentialAction\":[{\"@type\":\"ReadAction\",\"target\":[\"https:\/\/site21.monsitecommeunpro.fr\/?page_id=39\"]}]},{\"@type\":\"BreadcrumbList\",\"@id\":\"https:\/\/site21.monsitecommeunpro.fr\/?page_id=39#breadcrumb\",\"itemListElement\":[{\"@type\":\"ListItem\",\"position\":1,\"name\":\"Accueil\",\"item\":\"https:\/\/site21.monsitecommeunpro.fr\/\"},{\"@type\":\"ListItem\",\"position\":2,\"name\":\"Contact\"}]},{\"@type\":\"WebSite\",\"@id\":\"https:\/\/site21.monsitecommeunpro.fr\/#website\",\"url\":\"https:\/\/site21.monsitecommeunpro.fr\/\",\"name\":\"Guerre en Iran\",\"description\":\"\",\"publisher\":{\"@id\":\"https:\/\/site21.monsitecommeunpro.fr\/#organization\"},\"potentialAction\":[{\"@type\":\"SearchAction\",\"target\":{\"@type\":\"EntryPoint\",\"urlTemplate\":\"https:\/\/site21.monsitecommeunpro.fr\/?s={search_term_string}\"},\"query-input\":{\"@type\":\"PropertyValueSpecification\",\"valueRequired\":true,\"valueName\":\"search_term_string\"}}],\"inLanguage\":\"fr-FR\"},{\"@type\":\"Organization\",\"@id\":\"https:\/\/site21.monsitecommeunpro.fr\/#organization\",\"name\":\"Guerre en Iran\",\"url\":\"https:\/\/site21.monsitecommeunpro.fr\/\",\"logo\":{\"@type\":\"ImageObject\",\"inLanguage\":\"fr-FR\",\"@id\":\"https:\/\/site21.monsitecommeunpro.fr\/#\/schema\/logo\/image\/\",\"url\":\"https:\/\/site21.monsitecommeunpro.fr\/wp-content\/uploads\/2026\/03\/web-nataasha.jpg\",\"contentUrl\":\"https:\/\/site21.monsitecommeunpro.fr\/wp-content\/uploads\/2026\/03\/web-nataasha.jpg\",\"width\":1400,\"height\":750,\"caption\":\"Guerre en Iran \"},\"image\":{\"@id\":\"https:\/\/site21.monsitecommeunpro.fr\/#\/schema\/logo\/image\/\"}}]}<\/script>\n<!-- \/ Yoast SEO plugin. -->","yoast_head_json":{"title":"Contact - Guerre en Iran","robots":{"index":"index","follow":"follow","max-snippet":"max-snippet:-1","max-image-preview":"max-image-preview:large","max-video-preview":"max-video-preview:-1"},"canonical":"https:\/\/site21.monsitecommeunpro.fr\/?page_id=39","og_locale":"fr_FR","og_type":"article","og_title":"Contact - Guerre en Iran","og_description":"Restons en contact Vous avez une question, une remarque ou une suggestion concernant le contenu publi\u00e9 sur notre site ? [&hellip;]","og_url":"https:\/\/site21.monsitecommeunpro.fr\/?page_id=39","og_site_name":"Guerre en Iran","article_modified_time":"2026-03-10T07:51:56+00:00","twitter_card":"summary_large_image","twitter_misc":{"Dur\u00e9e de lecture estim\u00e9e":"1 minute"},"schema":{"@context":"https:\/\/schema.org","@graph":[{"@type":"WebPage","@id":"https:\/\/site21.monsitecommeunpro.fr\/?page_id=39","url":"https:\/\/site21.monsitecommeunpro.fr\/?page_id=39","name":"Contact - Guerre en Iran","isPartOf":{"@id":"https:\/\/site21.monsitecommeunpro.fr\/#website"},"datePublished":"2026-03-03T09:25:19+00:00","dateModified":"2026-03-10T07:51:56+00:00","breadcrumb":{"@id":"https:\/\/site21.monsitecommeunpro.fr\/?page_id=39#breadcrumb"},"inLanguage":"fr-FR","potentialAction":[{"@type":"ReadAction","target":["https:\/\/site21.monsitecommeunpro.fr\/?page_id=39"]}]},{"@type":"BreadcrumbList","@id":"https:\/\/site21.monsitecommeunpro.fr\/?page_id=39#breadcrumb","itemListElement":[{"@type":"ListItem","position":1,"name":"Accueil","item":"https:\/\/site21.monsitecommeunpro.fr\/"},{"@type":"ListItem","position":2,"name":"Contact"}]},{"@type":"WebSite","@id":"https:\/\/site21.monsitecommeunpro.fr\/#website","url":"https:\/\/site21.monsitecommeunpro.fr\/","name":"Guerre en Iran","description":"","publisher":{"@id":"https:\/\/site21.monsitecommeunpro.fr\/#organization"},"potentialAction":[{"@type":"SearchAction","target":{"@type":"EntryPoint","urlTemplate":"https:\/\/site21.monsitecommeunpro.fr\/?s={search_term_string}"},"query-input":{"@type":"PropertyValueSpecification","valueRequired":true,"valueName":"search_term_string"}}],"inLanguage":"fr-FR"},{"@type":"Organization","@id":"https:\/\/site21.monsitecommeunpro.fr\/#organization","name":"Guerre en Iran","url":"https:\/\/site21.monsitecommeunpro.fr\/","logo":{"@type":"ImageObject","inLanguage":"fr-FR","@id":"https:\/\/site21.monsitecommeunpro.fr\/#\/schema\/logo\/image\/","url":"https:\/\/site21.monsitecommeunpro.fr\/wp-content\/uploads\/2026\/03\/web-nataasha.jpg","contentUrl":"https:\/\/site21.monsitecommeunpro.fr\/wp-content\/uploads\/2026\/03\/web-nataasha.jpg","width":1400,"height":750,"caption":"Guerre en Iran "},"image":{"@id":"https:\/\/site21.monsitecommeunpro.fr\/#\/schema\/logo\/image\/"}}]}},"uagb_featured_image_src":{"full":false,"thumbnail":false,"medium":false,"medium_large":false,"large":false,"1536x1536":false,"2048x2048":false},"uagb_author_info":{"display_name":"admin","author_link":"https:\/\/site21.monsitecommeunpro.fr\/?author=1"},"uagb_comment_info":0,"uagb_excerpt":"Restons en contact Vous avez une question, une remarque ou une suggestion concernant le contenu publi\u00e9 sur notre site ? [&hellip;]","_links":{"self":[{"href":"https:\/\/site21.monsitecommeunpro.fr\/index.php?rest_route=\/wp\/v2\/pages\/39","targetHints":{"allow":["GET"]}}],"collection":[{"href":"https:\/\/site21.monsitecommeunpro.fr\/index.php?rest_route=\/wp\/v2\/pages"}],"about":[{"href":"https:\/\/site21.monsitecommeunpro.fr\/index.php?rest_route=\/wp\/v2\/types\/page"}],"author":[{"embeddable":true,"href":"https:\/\/site21.monsitecommeunpro.fr\/index.php?rest_route=\/wp\/v2\/users\/1"}],"replies":[{"embeddable":true,"href":"https:\/\/site21.monsitecommeunpro.fr\/index.php?rest_route=%2Fwp%2Fv2%2Fcomments&post=39"}],"version-history":[{"count":10,"href":"https:\/\/site21.monsitecommeunpro.fr\/index.php?rest_route=\/wp\/v2\/pages\/39\/revisions"}],"predecessor-version":[{"id":110,"href":"https:\/\/site21.monsitecommeunpro.fr\/index.php?rest_route=\/wp\/v2\/pages\/39\/revisions\/110"}],"wp:attachment":[{"href":"https:\/\/site21.monsitecommeunpro.fr\/index.php?rest_route=%2Fwp%2Fv2%2Fmedia&parent=39"}],"curies":[{"name":"wp","href":"https:\/\/api.w.org\/{rel}","templated":true}]}}